{"id":125,"date":"2024-05-28T09:18:05","date_gmt":"2024-05-28T09:18:05","guid":{"rendered":"https:\/\/smi-hll.ro\/?page_id=125"},"modified":"2024-06-04T08:35:11","modified_gmt":"2024-06-04T08:35:11","slug":"elearning-romana","status":"publish","type":"page","link":"https:\/\/smi-hll.ro\/ro\/elearning-romana\/","title":{"rendered":"eLearning &#8211; Rom\u00e2n\u0103"},"content":{"rendered":"<h1 style=\"text-align: center;\">SMI-HLL eLearning Platform -Rom\u00e2n\u0103<\/h1>\n\n\n<div class=\"wp-block-columns\">\n<div class=\"wp-block-column\">\n<div class=\"wp-block-file\"><object class=\"wp-block-file__embed\" data=\"https:\/\/smi-hll.ro\/wp-content\/uploads\/2024\/06\/SMI-HLL_Manualul-formatorului_RO-1.pdf\" type=\"application\/pdf\" style=\"width:100%;height:600px\" aria-label=\"Embed of SMI-HLL_Manualul-formatorului_RO-1.\"><\/object><a id=\"wp-block-file--media-768ce4c6-4038-4ad2-8222-ba795c9d6cf3\" href=\"https:\/\/smi-hll.ro\/wp-content\/uploads\/2024\/06\/SMI-HLL_Manualul-formatorului_RO-1.pdf\">SMI-HLL_Manualul-formatorului_RO-1<\/a><a href=\"https:\/\/smi-hll.ro\/wp-content\/uploads\/2024\/06\/SMI-HLL_Manualul-formatorului_RO-1.pdf\" class=\"wp-block-file__button\" download aria-describedby=\"wp-block-file--media-768ce4c6-4038-4ad2-8222-ba795c9d6cf3\">Download<\/a><\/div>\n<\/div>\n\n\n\n<div class=\"wp-block-column\">\n<figure class=\"wp-block-video\"><video controls src=\"https:\/\/smi-hll.ro\/wp-content\/uploads\/2024\/06\/SMI-HLL_DS_MP4_RO.mp4\"><\/video><\/figure>\n<\/div>\n\n\n\n<div class=\"wp-block-column\">\n<figure class=\"wp-block-video\"><video controls src=\"https:\/\/smi-hll.ro\/wp-content\/uploads\/2024\/06\/SMI-HLL_PA_RO.mp4\"><\/video><\/figure>\n<\/div>\n\n\n\n<div class=\"wp-block-column\">\n<figure class=\"wp-block-video\"><video controls src=\"https:\/\/smi-hll.ro\/wp-content\/uploads\/2024\/06\/SMI-HLL_TP1_Interviul-de-angajare_RO.mp4\"><\/video><figcaption>SMI-HLL_TP1_Interviul de angajare_RO<\/figcaption><\/figure>\n\n\n\n<figure class=\"wp-block-video\"><video controls src=\"https:\/\/smi-hll.ro\/wp-content\/uploads\/2024\/06\/SMI-HLL_TP2_La-doctor_RO-3.mp4\"><\/video><figcaption>SMI-HLL_TP2_La doctor_RO<\/figcaption><\/figure>\n\n\n\n<figure class=\"wp-block-video\"><video controls src=\"https:\/\/smi-hll.ro\/wp-content\/uploads\/2024\/06\/SMI-HLL_TP3_Ioana-si-Vasile_RO.mp4\"><\/video><figcaption>SMI-HLL_TP3_Ioana \u0219i Vasile_RO<\/figcaption><\/figure>\n\n\n\n<figure class=\"wp-block-video\"><video controls src=\"https:\/\/smi-hll.ro\/wp-content\/uploads\/2024\/06\/SMI-HLL_TP4_O-zi-din-viata-mea_RO.mp4\"><\/video><figcaption>SMI-HLL_TP4_O zi din via\u021ba mea_RO<\/figcaption><\/figure>\n\n\n\n<figure class=\"wp-block-video\"><video controls src=\"https:\/\/smi-hll.ro\/wp-content\/uploads\/2024\/06\/SMI-HLL_TP5_Contractul_RO.mp4\"><\/video><figcaption>SMI-HLL_TP5_Contractul_RO<\/figcaption><\/figure>\n\n\n\n<figure class=\"wp-block-video\"><video controls src=\"https:\/\/smi-hll.ro\/wp-content\/uploads\/2024\/06\/SMI-HLL_TP6_Dieta_RO.mp4\"><\/video><figcaption>SMI-HLL_TP6_Dieta_RO<\/figcaption><\/figure>\n\n\n\n<figure class=\"wp-block-video\"><video controls src=\"https:\/\/smi-hll.ro\/wp-content\/uploads\/2024\/06\/SMI-HLL_TP7_Dragostea-este-un-joc_RO.mp4\"><\/video><figcaption>SMI-HLL_TP7_Dragostea este un joc_RO<\/figcaption><\/figure>\n\n\n\n<figure class=\"wp-block-video\"><video controls src=\"https:\/\/smi-hll.ro\/wp-content\/uploads\/2024\/06\/SMI-HLL_TP8_-Seara-de-film_RO.mp4\"><\/video><figcaption>SMI-HLL_TP8_ Sear\u0103 de film_RO<\/figcaption><\/figure>\n\n\n\n<figure class=\"wp-block-video\"><video controls src=\"https:\/\/smi-hll.ro\/wp-content\/uploads\/2024\/06\/SMI-HLL_TP9_Restaurantul-Ciudat_RO.mp4\"><\/video><figcaption>SMI-HLL_TP9_Restaurantul Ciudat_RO<\/figcaption><\/figure>\n\n\n\n<figure class=\"wp-block-video\"><video controls src=\"https:\/\/smi-hll.ro\/wp-content\/uploads\/2024\/06\/SMI-HLL_TP10_Marea-inventie_RO.mp4\"><\/video><figcaption>SMI-HLL_TP10_Marea inven\u021bie_RO<\/figcaption><\/figure>\n\n\n\n<figure class=\"wp-block-video\"><video controls src=\"https:\/\/smi-hll.ro\/wp-content\/uploads\/2024\/06\/SMI-HLL_TP11_Masina-fantastica_RO-1.mp4\"><\/video><figcaption>SMI-HLL_TP11_Ma\u0219ina fantastic\u0103_RO<\/figcaption><\/figure>\n\n\n\n<figure class=\"wp-block-video\"><video controls src=\"https:\/\/smi-hll.ro\/wp-content\/uploads\/2024\/06\/SMI-HLL_TP12_Increderea-in-sine_RO.mp4\"><\/video><figcaption>SMI-HLL_TP12_\u00cencrederea \u00een sine_RO<\/figcaption><\/figure>\n\n\n\n<figure class=\"wp-block-video\"><video controls src=\"https:\/\/smi-hll.ro\/wp-content\/uploads\/2024\/06\/SMI-HLL_TP13_Starea-de-bine_RO.mp4\"><\/video><figcaption>SMI-HLL_TP13_Starea de bine_RO<\/figcaption><\/figure>\n\n\n\n<figure class=\"wp-block-video\"><video controls src=\"https:\/\/smi-hll.ro\/wp-content\/uploads\/2024\/06\/SMI-HLL_TP14_La-cumparaturi-de-chilipiruri_RO-1.mp4\"><\/video><figcaption>SMI-HLL_TP14_La cump\u0103r\u0103turi de chilipiruri_RO<\/figcaption><\/figure>\n\n\n\n<figure class=\"wp-block-video\"><video controls src=\"https:\/\/smi-hll.ro\/wp-content\/uploads\/2024\/06\/SMI-HLL_TP15_Meniul_RO.mp4\"><\/video><figcaption>SMI-HLL_TP15_Meniul_RO<\/figcaption><\/figure>\n\n\n\n<figure class=\"wp-block-video\"><video controls src=\"https:\/\/smi-hll.ro\/wp-content\/uploads\/2024\/06\/SMI-HLL_TP16_Drumul-vietii_RO.mp4\"><\/video><figcaption>SMI-HLL_TP16_Drumul vie\u021bii_RO<\/figcaption><\/figure>\n\n\n\n<figure class=\"wp-block-video\"><video controls src=\"https:\/\/smi-hll.ro\/wp-content\/uploads\/2024\/06\/SMI-HLL_TP17_Lupta-si-vei-invinge_RO.mp4\"><\/video><figcaption>SMI-HLL_TP17_Lupt\u0103 \u0219i vei \u00eenvinge_RO<\/figcaption><\/figure>\n\n\n\n<figure class=\"wp-block-video\"><video controls src=\"https:\/\/smi-hll.ro\/wp-content\/uploads\/2024\/06\/SMI-HLL_TP18_Dor-de-orasul-natal_RO.mp4\"><\/video><figcaption>SMI-HLL_TP18_Dor de ora\u0219ul natal_RO<\/figcaption><\/figure>\n\n\n\n<figure class=\"wp-block-video\"><video controls src=\"https:\/\/smi-hll.ro\/wp-content\/uploads\/2024\/06\/SMI-HLL_TP19_Calatoria-in-strainatate_RO.mp4\"><\/video><figcaption>SMI-HLL_TP19_C\u0103l\u0103toria \u00een str\u0103in\u0103tate_RO<\/figcaption><\/figure>\n\n\n\n<figure class=\"wp-block-video\"><video controls src=\"https:\/\/smi-hll.ro\/wp-content\/uploads\/2024\/06\/SMI-HLL_TP20_Cum-sa-lasi-in-urma-trecutul_RO.mp4\"><\/video><figcaption>SMI-HLL_TP20_Cum s\u0103 la\u0219i \u00een urm\u0103 trecutul_RO<\/figcaption><\/figure>\n<\/div>\n\n\n\n<div class=\"wp-block-column\">\n<figure class=\"wp-block-video\"><video controls src=\"https:\/\/smi-hll.ro\/wp-content\/uploads\/2024\/06\/SMI_HLL_T1_Cine-esti-tu_RO-1.mp4\"><\/video><figcaption>SMI-HLL_T1_Cine e\u0219ti tu?_RO<\/figcaption><\/figure>\n\n\n\n<figure class=\"wp-block-video\"><video controls src=\"https:\/\/smi-hll.ro\/wp-content\/uploads\/2024\/06\/SMI-HLL_T2_La-restaurant_RO.mp4\"><\/video><figcaption>SMI-HLL_T2_La restaurant_RO<\/figcaption><\/figure>\n\n\n\n<figure class=\"wp-block-video\"><video controls src=\"https:\/\/smi-hll.ro\/wp-content\/uploads\/2024\/06\/SMI-HLL_T3_In-vizita-la-Waterford_RO.mp4\"><\/video><figcaption>SMI-HLL_T3_\u00cen vizit\u0103 la Waterford_RO<\/figcaption><\/figure>\n\n\n\n<figure class=\"wp-block-video\"><video controls src=\"https:\/\/smi-hll.ro\/wp-content\/uploads\/2024\/06\/SMI-HLL_T4_Planuri-de-vacanta_RO.mp4\"><\/video><figcaption>SMI-HLL_T4_Planuri de vacan\u021b\u0103_RO<\/figcaption><\/figure>\n\n\n\n<figure class=\"wp-block-video\"><video controls src=\"https:\/\/smi-hll.ro\/wp-content\/uploads\/2024\/06\/SMI-HLL_T5_La-spital_RO.mp4\"><\/video><figcaption>SMI-HLL_T5_La spital_RO<\/figcaption><\/figure>\n\n\n\n<figure class=\"wp-block-video\"><video controls src=\"https:\/\/smi-hll.ro\/wp-content\/uploads\/2024\/06\/SMI-HLL_T6_Brasov-un-oras-de-munte-spectaculos_RO.mp4\"><\/video><figcaption>SMI-HLL_T6_Bra\u0219ov, un ora\u0219 de munte spectaculos_RO<\/figcaption><\/figure>\n\n\n\n<figure class=\"wp-block-video\"><video controls src=\"https:\/\/smi-hll.ro\/wp-content\/uploads\/2024\/06\/SMI-HLL_T7_Casa-dulce-casa_RO.mp4\"><\/video><figcaption>SMI-HLL_T7_Cas\u0103, dulce cas\u0103_RO<\/figcaption><\/figure>\n\n\n\n<figure class=\"wp-block-video\"><video controls src=\"https:\/\/smi-hll.ro\/wp-content\/uploads\/2024\/06\/SMI-HLL_T8_Familia-mea_RO.mp4\"><\/video><figcaption>SMI-HLL_T8_Familia mea_RO<\/figcaption><\/figure>\n\n\n\n<figure class=\"wp-block-video\"><video controls src=\"https:\/\/smi-hll.ro\/wp-content\/uploads\/2024\/06\/SMI-HLL_T9_Cadoul-perfect_RO.mp4\"><\/video><figcaption>SMI-HLL_T9_Cadoul perfect_RO<\/figcaption><\/figure>\n\n\n\n<figure class=\"wp-block-video\"><video controls src=\"https:\/\/smi-hll.ro\/wp-content\/uploads\/2024\/06\/SMI-HLL_T10_La-piata_RO.mp4\"><\/video><figcaption>SMI-HLL_T10_La pia\u021b\u0103_RO<\/figcaption><\/figure>\n\n\n\n<figure class=\"wp-block-video\"><video controls src=\"https:\/\/smi-hll.ro\/wp-content\/uploads\/2024\/06\/SMI-HLL_T11_La-aeroport_RO.mp4\"><\/video><figcaption>SMI-HLL_T11_La aeroport_RO<\/figcaption><\/figure>\n\n\n\n<figure class=\"wp-block-video\"><video controls src=\"https:\/\/smi-hll.ro\/wp-content\/uploads\/2024\/06\/SMI-HLL_T12_Interviu-de-angajare_RO.mp4\"><\/video><figcaption>SMI-HLL_T12_Interviu de Angajare_RO<\/figcaption><\/figure>\n\n\n\n<figure class=\"wp-block-video\"><video controls src=\"https:\/\/smi-hll.ro\/wp-content\/uploads\/2024\/06\/SMI-HLL_T13_Noul-loc-de-munca_RO.mp4\"><\/video><figcaption>SMI-HLL_T13_Noul loc de munc\u0103_RO<\/figcaption><\/figure>\n\n\n\n<figure class=\"wp-block-video\"><video controls src=\"blob:https:\/\/smi-hll.ro\/813fd2cf-4bf6-4f19-b355-3c5c3752b6b3\"><\/video><figcaption>SMI-HLL_T14_\u00cen vizit\u0103 la Gr\u0103dina Botanic\u0103_RO<\/figcaption><\/figure>\n<\/div>\n<\/div>\n\n\n\n<p><\/p>\n\n\n\n<p><\/p>\n\n\n\n<div class=\"wp-block-file\"><object class=\"wp-block-file__embed\" data=\"https:\/\/smi-hll.ro\/wp-content\/uploads\/2024\/06\/SMI-HLL_DT_RO-3.pdf\" type=\"application\/pdf\" style=\"width:100%;height:600px\" aria-label=\"Embed of SMI-HLL_DT_RO-3.\"><\/object><a id=\"wp-block-file--media-36360487-79da-4669-bace-250a9681d6f9\" href=\"https:\/\/smi-hll.ro\/wp-content\/uploads\/2024\/06\/SMI-HLL_DT_RO-3.pdf\">SMI-HLL_DT_RO-3<\/a><a href=\"https:\/\/smi-hll.ro\/wp-content\/uploads\/2024\/06\/SMI-HLL_DT_RO-3.pdf\" class=\"wp-block-file__button\" download aria-describedby=\"wp-block-file--media-36360487-79da-4669-bace-250a9681d6f9\">Download<\/a><\/div>\n\n\n\n<p><\/p>","protected":false},"excerpt":{"rendered":"<p>SMI-HLL eLearning Platform -Rom\u00e2n\u0103<\/p>","protected":false},"author":1,"featured_media":0,"parent":0,"menu_order":0,"comment_status":"closed","ping_status":"closed","template":"","meta":[],"_links":{"self":[{"href":"https:\/\/smi-hll.ro\/ro\/wp-json\/wp\/v2\/pages\/125"}],"collection":[{"href":"https:\/\/smi-hll.ro\/ro\/wp-json\/wp\/v2\/pages"}],"about":[{"href":"https:\/\/smi-hll.ro\/ro\/wp-json\/wp\/v2\/types\/page"}],"author":[{"embeddable":true,"href":"https:\/\/smi-hll.ro\/ro\/wp-json\/wp\/v2\/users\/1"}],"replies":[{"embeddable":true,"href":"https:\/\/smi-hll.ro\/ro\/wp-json\/wp\/v2\/comments?post=125"}],"version-history":[{"count":58,"href":"https:\/\/smi-hll.ro\/ro\/wp-json\/wp\/v2\/pages\/125\/revisions"}],"predecessor-version":[{"id":274,"href":"https:\/\/smi-hll.ro\/ro\/wp-json\/wp\/v2\/pages\/125\/revisions\/274"}],"wp:attachment":[{"href":"https:\/\/smi-hll.ro\/ro\/wp-json\/wp\/v2\/media?parent=125"}],"curies":[{"name":"wp","href":"https:\/\/api.w.org\/{rel}","templated":true}]}}