{"id":149,"date":"2024-05-28T11:18:30","date_gmt":"2024-05-28T11:18:30","guid":{"rendered":"https:\/\/smi-hll.ro\/?page_id=149"},"modified":"2024-06-06T07:41:37","modified_gmt":"2024-06-06T07:41:37","slug":"elearning-turk","status":"publish","type":"page","link":"https:\/\/smi-hll.ro\/ro\/elearning-turk\/","title":{"rendered":"eLearning-T\u00fcrk Dili"},"content":{"rendered":"<div class=\"wp-block-columns\">\n<div class=\"wp-block-column\">\n<div class=\"wp-block-file\"><object class=\"wp-block-file__embed\" data=\"https:\/\/smi-hll.ro\/wp-content\/uploads\/2024\/06\/SMI-HLL_Egitmenler-icin-egitim-kursu_TR.pdf\" type=\"application\/pdf\" style=\"width:100%;height:600px\" aria-label=\"Embed of SMI-HLL_Egitmenler-icin-egitim-kursu_TR.\"><\/object><a id=\"wp-block-file--media-44be16e7-a89a-448e-ae63-32770620d892\" href=\"https:\/\/smi-hll.ro\/wp-content\/uploads\/2024\/06\/SMI-HLL_Egitmenler-icin-egitim-kursu_TR.pdf\">SMI-HLL_Egitmenler-icin-egitim-kursu_TR<\/a><a href=\"https:\/\/smi-hll.ro\/wp-content\/uploads\/2024\/06\/SMI-HLL_Egitmenler-icin-egitim-kursu_TR.pdf\" class=\"wp-block-file__button\" download aria-describedby=\"wp-block-file--media-44be16e7-a89a-448e-ae63-32770620d892\">Download<\/a><\/div>\n<\/div>\n<\/div>\n\n\n\n<div class=\"wp-block-columns\">\n<div class=\"wp-block-column\">\n<figure class=\"wp-block-video\"><video src=\"https:\/\/smi-hll.ro\/wp-content\/uploads\/2024\/06\/SMI-HLL_DS_MP4_TR-1.mp4\"><\/video><figcaption>SMI-HLL_DS_MP4_TR<\/figcaption><\/figure>\n<\/div>\n\n\n\n<div class=\"wp-block-column\">\n<figure class=\"wp-block-video\"><video controls src=\"https:\/\/smi-hll.ro\/wp-content\/uploads\/2024\/06\/SMI-HLL_PA_TR-1.mp4\"><\/video><figcaption>SMI-HLL_PA_TR<\/figcaption><\/figure>\n<\/div>\n\n\n\n<div class=\"wp-block-column\">\n<figure class=\"wp-block-video\"><video controls src=\"https:\/\/smi-hll.ro\/wp-content\/uploads\/2024\/06\/SMI-HLL_TP1_Is-Arama_TR.mp4\"><\/video><figcaption>SMI-HLL_TP1_\u0130\u015f Arama_TR<\/figcaption><\/figure>\n\n\n\n<figure class=\"wp-block-video\"><video controls src=\"https:\/\/smi-hll.ro\/wp-content\/uploads\/2024\/06\/SMI-HLL_TP2_Doktorda_TR.mp4\"><\/video><figcaption>SMI-HLL_TP2_Doktorda_TR<\/figcaption><\/figure>\n\n\n\n<figure class=\"wp-block-video\"><video controls src=\"https:\/\/smi-hll.ro\/wp-content\/uploads\/2024\/06\/SMI-HLL_TP3_Ioana-ve-Vasile_TR.mp4\"><\/video><figcaption>SMI-HLL_TP3_Ioana ve Vasile_TR<\/figcaption><\/figure>\n\n\n\n<figure class=\"wp-block-video\"><video controls src=\"https:\/\/smi-hll.ro\/wp-content\/uploads\/2024\/06\/SMI-HLL_TP3_Ioana-ve-Vasile_TR-1.mp4\"><\/video><figcaption>SMI-HLL_TP4_ Hayat\u0131m\u0131n Bir G\u00fcn\u00fc_TR<\/figcaption><\/figure>\n\n\n\n<figure class=\"wp-block-video\"><video controls src=\"https:\/\/smi-hll.ro\/wp-content\/uploads\/2024\/06\/SMI-HLL_TP5_Sozlesme_TR-1.mp4\"><\/video><figcaption>SMI-HLL_TP5_S\u00f6zle\u015fme_TR<\/figcaption><\/figure>\n\n\n\n<figure class=\"wp-block-video\"><video controls src=\"https:\/\/smi-hll.ro\/wp-content\/uploads\/2024\/06\/SMI-HLL_TP6_Diyet_TR.mp4\"><\/video><figcaption>SMI-HLL_TP6_Diyet_TR<\/figcaption><\/figure>\n\n\n\n<figure class=\"wp-block-video\"><video controls src=\"https:\/\/smi-hll.ro\/wp-content\/uploads\/2024\/06\/SMI-HLL_TP7_Ask-Bir-Oyundur_TR.mp4\"><\/video><figcaption>SMI-HLL_TP7_A\u015fk Bir Oyundur_TR<\/figcaption><\/figure>\n\n\n\n<figure class=\"wp-block-video\"><video controls src=\"https:\/\/smi-hll.ro\/wp-content\/uploads\/2024\/06\/SMI-HLL_TP8_-Film-Gecesi_TR.mp4\"><\/video><figcaption>SMI-HLL_TP8_ Film Gecesi_TR<\/figcaption><\/figure>\n\n\n\n<figure class=\"wp-block-video\"><video controls src=\"https:\/\/smi-hll.ro\/wp-content\/uploads\/2024\/06\/SMI-HLL_TP9_Cilgin-Restoran_TR.mp4\"><\/video><figcaption>SMI-HLL_TP9_\u00c7\u0131lg\u0131n Restoran_TR<\/figcaption><\/figure>\n\n\n\n<figure class=\"wp-block-video\"><video controls src=\"https:\/\/smi-hll.ro\/wp-content\/uploads\/2024\/06\/SMI-HLL_TP10_Buyuk-bulus_TR.mp4\"><\/video><figcaption>SMI-HLL_TP10_B\u00fcy\u00fck bulu\u015f_TR<\/figcaption><\/figure>\n\n\n\n<figure class=\"wp-block-video\"><video controls src=\"https:\/\/smi-hll.ro\/wp-content\/uploads\/2024\/06\/SMI-HLL_TP11_Harika-araba_TR.mp4\"><\/video><figcaption>SMI-HLL_TP11_Harika araba_TR<\/figcaption><\/figure>\n\n\n\n<figure class=\"wp-block-video\"><video controls src=\"https:\/\/smi-hll.ro\/wp-content\/uploads\/2024\/06\/SMI-HLL_TP12_Kendine-guven_TR.mp4\"><\/video><figcaption>SMI-HLL_TP12_Kendine g\u00fcven_TR<\/figcaption><\/figure>\n\n\n\n<figure class=\"wp-block-video\"><video controls src=\"https:\/\/smi-hll.ro\/wp-content\/uploads\/2024\/06\/SMI-HLL_TP13_Daha-iyi-hissetmek_TR.mp4\"><\/video><figcaption>SMI-HLL_TP13_Daha iyi hissetmek_TR<\/figcaption><\/figure>\n\n\n\n<figure class=\"wp-block-video\"><video controls src=\"https:\/\/smi-hll.ro\/wp-content\/uploads\/2024\/06\/SMI-HLL_TP14_Pazarlikli-alisveris_TR.mp4\"><\/video><figcaption>SMI-HLL_TP14_Pazarl\u0131kl\u0131 al\u0131\u015fveri\u015f_TR<\/figcaption><\/figure>\n\n\n\n<figure class=\"wp-block-video\"><video controls src=\"https:\/\/smi-hll.ro\/wp-content\/uploads\/2024\/06\/SMI-HLL_TP15_Menu_TR.mp4\"><\/video><figcaption>SMI-HLL_TP15_Men\u00fc_TR<\/figcaption><\/figure>\n\n\n\n<figure class=\"wp-block-video\"><video controls src=\"https:\/\/smi-hll.ro\/wp-content\/uploads\/2024\/06\/SMI-HLL_TP16_Hayat-yolu_TR.mp4\"><\/video><figcaption>SMI-HLL_TP16_Hayat yolu_TR<\/figcaption><\/figure>\n\n\n\n<figure class=\"wp-block-video\"><video controls src=\"https:\/\/smi-hll.ro\/wp-content\/uploads\/2024\/06\/SMI-HLL_TP17_Savas-ve-kazanacaksin_TR-1.mp4\"><\/video><figcaption>SMI-HLL_TP17_Sava\u015f ve kazanacaks\u0131n_TR<\/figcaption><\/figure>\n\n\n\n<figure class=\"wp-block-video\"><video controls src=\"https:\/\/smi-hll.ro\/wp-content\/uploads\/2024\/06\/SMI-HLL_TP18_Memleket-Ozlemi_TR-1.mp4\"><\/video><figcaption>SMI-HLL_TP18_Memleket \u00d6zlemi_TR<\/figcaption><\/figure>\n\n\n\n<figure class=\"wp-block-video\"><video controls src=\"https:\/\/smi-hll.ro\/wp-content\/uploads\/2024\/06\/SMI-HLL_TP19_Yurt-disina-seyahat_TR.mp4\"><\/video><figcaption>SMI-HLL_TP19_Yurt d\u0131\u015f\u0131na seyahat_TR<\/figcaption><\/figure>\n\n\n\n<figure class=\"wp-block-video\"><video controls src=\"https:\/\/smi-hll.ro\/wp-content\/uploads\/2024\/06\/SMI-HLL_TP20_Elveda_TR.mp4\"><\/video><figcaption>SMI-HLL_TP20_Elveda_TR<\/figcaption><\/figure>\n<\/div>\n\n\n\n<div class=\"wp-block-column\">\n<figure class=\"wp-block-video\"><video controls src=\"https:\/\/smi-hll.ro\/wp-content\/uploads\/2024\/06\/SMI-HLL_T1_Sen-kimsin_TR.mp4\"><\/video><figcaption>SMI-HLL_T1_Sen kimsin_TR<\/figcaption><\/figure>\n\n\n\n<figure class=\"wp-block-video\"><video controls src=\"https:\/\/smi-hll.ro\/wp-content\/uploads\/2024\/06\/SMI-HLL_T2_Restorant_TR.mp4\"><\/video><figcaption>SMI-HLL_T2_Restorant_TR<\/figcaption><\/figure>\n\n\n\n<figure class=\"wp-block-video\"><video controls src=\"https:\/\/smi-hll.ro\/wp-content\/uploads\/2024\/06\/SMI-HLL_T3_Waterfordu-ziyaret-ederken_TR.mp4\"><\/video><figcaption>SMI-HLL_T3_Waterford&#8217;u ziyaret ederken_TR<\/figcaption><\/figure>\n\n\n\n<figure class=\"wp-block-video\"><video controls src=\"https:\/\/smi-hll.ro\/wp-content\/uploads\/2024\/06\/SMI-HLL_T4_Tatil-planlari_TR.mp4\"><\/video><figcaption>SMI-HLL_T4_Tatil planlar\u0131_TR<\/figcaption><\/figure>\n\n\n\n<figure class=\"wp-block-video\"><video controls src=\"https:\/\/smi-hll.ro\/wp-content\/uploads\/2024\/06\/SMI-HLL_T5_Hastanede_TR.mp4\"><\/video><figcaption>SMI-HLL_T5_Hastanede_TR<\/figcaption><\/figure>\n\n\n\n<figure class=\"wp-block-video\"><video controls src=\"https:\/\/smi-hll.ro\/wp-content\/uploads\/2024\/06\/SMI-HLL_T6_Brasov-muhtesem-bir-dag-sehri_TR.mp4\"><\/video><figcaption>SMI-HLL_T6_Brasov, muhte\u015fem bir da\u011f \u015fehri_TR<\/figcaption><\/figure>\n\n\n\n<figure class=\"wp-block-video\"><video controls src=\"https:\/\/smi-hll.ro\/wp-content\/uploads\/2024\/06\/SMI-HLL_T7_-Kasa-guzel-kasa-_TR.mp4\"><\/video><figcaption>SMI-HLL_T7_ Kasa, g\u00fczel kasa _TR<\/figcaption><\/figure>\n\n\n\n<figure class=\"wp-block-video\"><video controls src=\"https:\/\/smi-hll.ro\/wp-content\/uploads\/2024\/06\/SMI-HLL_T7_-Kasa-guzel-kasa-_TR-1.mp4\"><\/video><figcaption>SMI-HLL_T8_ Benim ailem_TR<\/figcaption><\/figure>\n\n\n\n<figure class=\"wp-block-video\"><video controls src=\"https:\/\/smi-hll.ro\/wp-content\/uploads\/2024\/06\/SMI-HLL_T9_Mukemmel-hediye_TR.mp4\"><\/video><figcaption>SMI-HLL_T9_M\u00fckemmel hediye_TR<\/figcaption><\/figure>\n\n\n\n<figure class=\"wp-block-video\"><video controls src=\"https:\/\/smi-hll.ro\/wp-content\/uploads\/2024\/06\/SMI-HLL_T10_-Markette_TR.mp4\"><\/video><figcaption>SMI-HLL_T10_ Markette_TR<\/figcaption><\/figure>\n\n\n\n<figure class=\"wp-block-video\"><video controls src=\"https:\/\/smi-hll.ro\/wp-content\/uploads\/2024\/06\/SMI-HLL_T11_Havaalani_TR.mp4\"><\/video><figcaption>SMI-HLL_T11_Havaalan\u0131_TR<\/figcaption><\/figure>\n\n\n\n<figure class=\"wp-block-video\"><video controls src=\"https:\/\/smi-hll.ro\/wp-content\/uploads\/2024\/06\/SMI-HLL_T12_Is-gorusmesi_TR.mp4\"><\/video><figcaption>SMI-HLL_T12_\u0130\u015f g\u00f6r\u00fc\u015fmesi_TR<\/figcaption><\/figure>\n\n\n\n<figure class=\"wp-block-video\"><video controls src=\"https:\/\/smi-hll.ro\/wp-content\/uploads\/2024\/06\/SMI-HLL_T13_Yeni-meslek_TR.mp4\"><\/video><figcaption>SMI-HLL_T13_Yeni meslek_TR<\/figcaption><\/figure>\n\n\n\n<figure class=\"wp-block-video\"><video controls src=\"https:\/\/smi-hll.ro\/wp-content\/uploads\/2024\/06\/SMI-HLL_T14_-Botanik-Bahcesini-ziyaret-etmek_TR.mp4\"><\/video><figcaption>SMI-HLL_T14_ Botanik Bah\u00e7esi&#8217;ni ziyaret etmek_TR<\/figcaption><\/figure>\n\n\n\n<figure class=\"wp-block-video\"><video controls src=\"https:\/\/smi-hll.ro\/wp-content\/uploads\/2024\/06\/SMI-HLL_T15_Bir-Hayvanat-Bahcesini-Ziyaret_TR.mp4\"><\/video><figcaption>SMI-HLL_T15_Bir Hayvanat Bah\u00e7esini Ziyaret_TR<\/figcaption><\/figure>\n<\/div>\n<\/div>\n\n\n\n<div class=\"wp-block-columns\">\n<div class=\"wp-block-column\">\n<div class=\"wp-block-file\"><object class=\"wp-block-file__embed\" data=\"https:\/\/smi-hll.ro\/wp-content\/uploads\/2024\/06\/SMI-HLL_DT_TR.pdf\" type=\"application\/pdf\" style=\"width:100%;height:600px\" aria-label=\"Embed of SMI-HLL_DT_TR.\"><\/object><a id=\"wp-block-file--media-14abf9fc-544b-4068-a9ed-92015fe489bb\" href=\"https:\/\/smi-hll.ro\/wp-content\/uploads\/2024\/06\/SMI-HLL_DT_TR.pdf\">SMI-HLL_DT_TR<\/a><a href=\"https:\/\/smi-hll.ro\/wp-content\/uploads\/2024\/06\/SMI-HLL_DT_TR.pdf\" class=\"wp-block-file__button\" download aria-describedby=\"wp-block-file--media-14abf9fc-544b-4068-a9ed-92015fe489bb\">Download<\/a><\/div>\n<\/div>\n<\/div>","protected":false},"excerpt":{"rendered":"","protected":false},"author":1,"featured_media":0,"parent":0,"menu_order":0,"comment_status":"closed","ping_status":"closed","template":"","meta":[],"_links":{"self":[{"href":"https:\/\/smi-hll.ro\/ro\/wp-json\/wp\/v2\/pages\/149"}],"collection":[{"href":"https:\/\/smi-hll.ro\/ro\/wp-json\/wp\/v2\/pages"}],"about":[{"href":"https:\/\/smi-hll.ro\/ro\/wp-json\/wp\/v2\/types\/page"}],"author":[{"embeddable":true,"href":"https:\/\/smi-hll.ro\/ro\/wp-json\/wp\/v2\/users\/1"}],"replies":[{"embeddable":true,"href":"https:\/\/smi-hll.ro\/ro\/wp-json\/wp\/v2\/comments?post=149"}],"version-history":[{"count":55,"href":"https:\/\/smi-hll.ro\/ro\/wp-json\/wp\/v2\/pages\/149\/revisions"}],"predecessor-version":[{"id":620,"href":"https:\/\/smi-hll.ro\/ro\/wp-json\/wp\/v2\/pages\/149\/revisions\/620"}],"wp:attachment":[{"href":"https:\/\/smi-hll.ro\/ro\/wp-json\/wp\/v2\/media?parent=149"}],"curies":[{"name":"wp","href":"https:\/\/api.w.org\/{rel}","templated":true}]}}