{"id":157,"date":"2024-05-29T13:43:22","date_gmt":"2024-05-29T13:43:22","guid":{"rendered":"https:\/\/smi-hll.ro\/?page_id=157"},"modified":"2024-05-29T13:47:02","modified_gmt":"2024-05-29T13:47:02","slug":"elearning-platforms","status":"publish","type":"page","link":"https:\/\/smi-hll.ro\/ro\/elearning-platforms\/","title":{"rendered":"eLearning Platforms"},"content":{"rendered":"<div data-elementor-type=\"wp-page\" data-elementor-id=\"157\" class=\"elementor elementor-157\" data-elementor-settings=\"[]\">\n\t\t\t\t\t\t<div class=\"elementor-inner\">\n\t\t\t\t\t\t\t<div class=\"elementor-section-wrap\">\n\t\t\t\t\t\t\t<section class=\"elementor-section elementor-top-section elementor-element elementor-element-0cb1120 elementor-section-boxed elementor-section-height-default elementor-section-height-default\" data-id=\"0cb1120\" data-element_type=\"section\">\n\t\t\t\t\t\t<div class=\"elementor-container elementor-column-gap-default\">\n\t\t\t\t\t\t\t<div class=\"elementor-row\">\n\t\t\t\t\t<div class=\"elementor-column elementor-col-100 elementor-top-column elementor-element elementor-element-324d6d0\" data-id=\"324d6d0\" data-element_type=\"column\">\n\t\t\t<div class=\"elementor-column-wrap elementor-element-populated\">\n\t\t\t\t\t\t\t<div class=\"elementor-widget-wrap\">\n\t\t\t\t\t\t<div class=\"elementor-element elementor-element-9630695 elementor-widget elementor-widget-heading\" data-id=\"9630695\" data-element_type=\"widget\" data-widget_type=\"heading.default\">\n\t\t\t\t<div class=\"elementor-widget-container\">\n\t\t\t<h4 class=\"elementor-heading-title elementor-size-default\">eLearning Platforms<\/h4>\t\t<\/div>\n\t\t\t\t<\/div>\n\t\t\t\t<div class=\"elementor-element elementor-element-6482bb8 elementor-widget elementor-widget-heading\" data-id=\"6482bb8\" data-element_type=\"widget\" data-widget_type=\"heading.default\">\n\t\t\t\t<div class=\"elementor-widget-container\">\n\t\t\t<span class=\"elementor-heading-title elementor-size-default\">Choose the one that fits your language.<\/span>\t\t<\/div>\n\t\t\t\t<\/div>\n\t\t\t\t<section class=\"elementor-section elementor-inner-section elementor-element elementor-element-f391fc0 elementor-section-boxed elementor-section-height-default elementor-section-height-default\" data-id=\"f391fc0\" data-element_type=\"section\">\n\t\t\t\t\t\t<div class=\"elementor-container elementor-column-gap-default\">\n\t\t\t\t\t\t\t<div class=\"elementor-row\">\n\t\t\t\t\t<div class=\"elementor-column elementor-col-33 elementor-inner-column elementor-element elementor-element-bcc2445\" data-id=\"bcc2445\" data-element_type=\"column\">\n\t\t\t<div class=\"elementor-column-wrap elementor-element-populated\">\n\t\t\t\t\t\t\t<div class=\"elementor-widget-wrap\">\n\t\t\t\t\t\t<div class=\"elementor-element elementor-element-795a3c6 elementor-widget elementor-widget-image\" data-id=\"795a3c6\" data-element_type=\"widget\" data-widget_type=\"image.default\">\n\t\t\t\t<div class=\"elementor-widget-container\">\n\t\t\t\t\t<div class=\"elementor-image\">\n\t\t\t\t\t\t\t\t\t\t\t<a href=\"https:\/\/smi-hll.ro\/ro\/elearning-romana\/\">\n\t\t\t\t\t\t\t<img width=\"800\" height=\"533\" src=\"https:\/\/smi-hll.ro\/wp-content\/uploads\/2024\/05\/Flag_of_Romania.svg.png\" class=\"attachment-large size-large\" alt=\"\" loading=\"lazy\" srcset=\"https:\/\/smi-hll.ro\/wp-content\/uploads\/2024\/05\/Flag_of_Romania.svg.png 800w, https:\/\/smi-hll.ro\/wp-content\/uploads\/2024\/05\/Flag_of_Romania.svg-300x200.png 300w, https:\/\/smi-hll.ro\/wp-content\/uploads\/2024\/05\/Flag_of_Romania.svg-768x512.png 768w\" sizes=\"(max-width: 800px) 100vw, 800px\" \/>\t\t\t\t\t\t\t\t<\/a>\n\t\t\t\t\t\t\t\t\t\t\t<\/div>\n\t\t\t\t<\/div>\n\t\t\t\t<\/div>\n\t\t\t\t<div class=\"elementor-element elementor-element-a5d14cc elementor-widget elementor-widget-heading\" data-id=\"a5d14cc\" data-element_type=\"widget\" data-widget_type=\"heading.default\">\n\t\t\t\t<div class=\"elementor-widget-container\">\n\t\t\t<h3 class=\"elementor-heading-title elementor-size-default\"><a href=\"https:\/\/smi-hll.ro\/ro\/elearning-romana\/\">eLearning - Rom\u00e2n\u0103<\/a><\/h3>\t\t<\/div>\n\t\t\t\t<\/div>\n\t\t\t\t\t\t<\/div>\n\t\t\t\t\t<\/div>\n\t\t<\/div>\n\t\t\t\t<div class=\"elementor-column elementor-col-33 elementor-inner-column elementor-element elementor-element-b4dc32d\" data-id=\"b4dc32d\" data-element_type=\"column\">\n\t\t\t<div class=\"elementor-column-wrap elementor-element-populated\">\n\t\t\t\t\t\t\t<div class=\"elementor-widget-wrap\">\n\t\t\t\t\t\t<div class=\"elementor-element elementor-element-0b1d643 elementor-widget elementor-widget-image\" data-id=\"0b1d643\" data-element_type=\"widget\" data-widget_type=\"image.default\">\n\t\t\t\t<div class=\"elementor-widget-container\">\n\t\t\t\t\t<div class=\"elementor-image\">\n\t\t\t\t\t\t\t\t\t\t\t<a href=\"https:\/\/smi-hll.ro\/ro\/elearning-english\/\">\n\t\t\t\t\t\t\t<img width=\"640\" height=\"320\" src=\"https:\/\/smi-hll.ro\/wp-content\/uploads\/2024\/05\/Flag_of_the_United_Kingdom_1-2.svg.webp\" class=\"attachment-large size-large\" alt=\"\" loading=\"lazy\" srcset=\"https:\/\/smi-hll.ro\/wp-content\/uploads\/2024\/05\/Flag_of_the_United_Kingdom_1-2.svg.webp 640w, https:\/\/smi-hll.ro\/wp-content\/uploads\/2024\/05\/Flag_of_the_United_Kingdom_1-2.svg-300x150.webp 300w\" sizes=\"(max-width: 640px) 100vw, 640px\" \/>\t\t\t\t\t\t\t\t<\/a>\n\t\t\t\t\t\t\t\t\t\t\t<\/div>\n\t\t\t\t<\/div>\n\t\t\t\t<\/div>\n\t\t\t\t<div class=\"elementor-element elementor-element-e9f31aa elementor-widget elementor-widget-heading\" data-id=\"e9f31aa\" data-element_type=\"widget\" data-widget_type=\"heading.default\">\n\t\t\t\t<div class=\"elementor-widget-container\">\n\t\t\t<h3 class=\"elementor-heading-title elementor-size-default\"><a href=\"https:\/\/smi-hll.ro\/ro\/elearning-english\/\">eLearning - English<\/a><\/h3>\t\t<\/div>\n\t\t\t\t<\/div>\n\t\t\t\t\t\t<\/div>\n\t\t\t\t\t<\/div>\n\t\t<\/div>\n\t\t\t\t<div class=\"elementor-column elementor-col-33 elementor-inner-column elementor-element elementor-element-97ce98e\" data-id=\"97ce98e\" data-element_type=\"column\">\n\t\t\t<div class=\"elementor-column-wrap elementor-element-populated\">\n\t\t\t\t\t\t\t<div class=\"elementor-widget-wrap\">\n\t\t\t\t\t\t<div class=\"elementor-element elementor-element-a5f475b elementor-widget elementor-widget-image\" data-id=\"a5f475b\" data-element_type=\"widget\" data-widget_type=\"image.default\">\n\t\t\t\t<div class=\"elementor-widget-container\">\n\t\t\t\t\t<div class=\"elementor-image\">\n\t\t\t\t\t\t\t\t\t\t\t<a href=\"https:\/\/smi-hll.ro\/ro\/elearning-espanol\/\">\n\t\t\t\t\t\t\t<img width=\"800\" height=\"534\" src=\"https:\/\/smi-hll.ro\/wp-content\/uploads\/2024\/05\/Flag_of_Spain.svg-1024x683.png\" class=\"attachment-large size-large\" alt=\"\" loading=\"lazy\" srcset=\"https:\/\/smi-hll.ro\/wp-content\/uploads\/2024\/05\/Flag_of_Spain.svg-1024x683.png 1024w, https:\/\/smi-hll.ro\/wp-content\/uploads\/2024\/05\/Flag_of_Spain.svg-300x200.png 300w, https:\/\/smi-hll.ro\/wp-content\/uploads\/2024\/05\/Flag_of_Spain.svg-768x512.png 768w, https:\/\/smi-hll.ro\/wp-content\/uploads\/2024\/05\/Flag_of_Spain.svg.png 1200w\" sizes=\"(max-width: 800px) 100vw, 800px\" \/>\t\t\t\t\t\t\t\t<\/a>\n\t\t\t\t\t\t\t\t\t\t\t<\/div>\n\t\t\t\t<\/div>\n\t\t\t\t<\/div>\n\t\t\t\t<div class=\"elementor-element elementor-element-9de93f5 elementor-widget elementor-widget-heading\" data-id=\"9de93f5\" data-element_type=\"widget\" data-widget_type=\"heading.default\">\n\t\t\t\t<div class=\"elementor-widget-container\">\n\t\t\t<h3 class=\"elementor-heading-title elementor-size-default\"><a href=\"https:\/\/smi-hll.ro\/ro\/elearning-espanol\/\">eLearning - Espa\u00f1ol<\/a><\/h3>\t\t<\/div>\n\t\t\t\t<\/div>\n\t\t\t\t\t\t<\/div>\n\t\t\t\t\t<\/div>\n\t\t<\/div>\n\t\t\t\t\t\t\t\t<\/div>\n\t\t\t\t\t<\/div>\n\t\t<\/section>\n\t\t\t\t<section class=\"elementor-section elementor-inner-section elementor-element elementor-element-a6adeca elementor-section-boxed elementor-section-height-default elementor-section-height-default\" data-id=\"a6adeca\" data-element_type=\"section\">\n\t\t\t\t\t\t<div class=\"elementor-container elementor-column-gap-default\">\n\t\t\t\t\t\t\t<div class=\"elementor-row\">\n\t\t\t\t\t<div class=\"elementor-column elementor-col-25 elementor-inner-column elementor-element elementor-element-e300eab\" data-id=\"e300eab\" data-element_type=\"column\">\n\t\t\t<div class=\"elementor-column-wrap\">\n\t\t\t\t\t\t\t<div class=\"elementor-widget-wrap\">\n\t\t\t\t\t\t\t\t<\/div>\n\t\t\t\t\t<\/div>\n\t\t<\/div>\n\t\t\t\t<div class=\"elementor-column elementor-col-25 elementor-inner-column elementor-element elementor-element-33eb13d\" data-id=\"33eb13d\" data-element_type=\"column\">\n\t\t\t<div class=\"elementor-column-wrap elementor-element-populated\">\n\t\t\t\t\t\t\t<div class=\"elementor-widget-wrap\">\n\t\t\t\t\t\t<div class=\"elementor-element elementor-element-0e68cea elementor-widget elementor-widget-image\" data-id=\"0e68cea\" data-element_type=\"widget\" data-widget_type=\"image.default\">\n\t\t\t\t<div class=\"elementor-widget-container\">\n\t\t\t\t\t<div class=\"elementor-image\">\n\t\t\t\t\t\t\t\t\t\t\t<a href=\"https:\/\/smi-hll.ro\/ro\/elearning-turk\/\">\n\t\t\t\t\t\t\t<img width=\"800\" height=\"533\" src=\"https:\/\/smi-hll.ro\/wp-content\/uploads\/2024\/05\/Flag_of_Turkey.svg.webp\" class=\"attachment-large size-large\" alt=\"\" loading=\"lazy\" srcset=\"https:\/\/smi-hll.ro\/wp-content\/uploads\/2024\/05\/Flag_of_Turkey.svg.webp 800w, https:\/\/smi-hll.ro\/wp-content\/uploads\/2024\/05\/Flag_of_Turkey.svg-300x200.webp 300w, https:\/\/smi-hll.ro\/wp-content\/uploads\/2024\/05\/Flag_of_Turkey.svg-768x512.webp 768w\" sizes=\"(max-width: 800px) 100vw, 800px\" \/>\t\t\t\t\t\t\t\t<\/a>\n\t\t\t\t\t\t\t\t\t\t\t<\/div>\n\t\t\t\t<\/div>\n\t\t\t\t<\/div>\n\t\t\t\t<div class=\"elementor-element elementor-element-a188f73 elementor-widget elementor-widget-heading\" data-id=\"a188f73\" data-element_type=\"widget\" data-widget_type=\"heading.default\">\n\t\t\t\t<div class=\"elementor-widget-container\">\n\t\t\t<h3 class=\"elementor-heading-title elementor-size-default\"><a href=\"https:\/\/smi-hll.ro\/ro\/elearning-turk\/\">eLearning - T\u00fcrk<\/a><\/h3>\t\t<\/div>\n\t\t\t\t<\/div>\n\t\t\t\t\t\t<\/div>\n\t\t\t\t\t<\/div>\n\t\t<\/div>\n\t\t\t\t<div class=\"elementor-column elementor-col-25 elementor-inner-column elementor-element elementor-element-d4525cb\" data-id=\"d4525cb\" data-element_type=\"column\">\n\t\t\t<div class=\"elementor-column-wrap elementor-element-populated\">\n\t\t\t\t\t\t\t<div class=\"elementor-widget-wrap\">\n\t\t\t\t\t\t<div class=\"elementor-element elementor-element-f8aba89 elementor-widget elementor-widget-image\" data-id=\"f8aba89\" data-element_type=\"widget\" data-widget_type=\"image.default\">\n\t\t\t\t<div class=\"elementor-widget-container\">\n\t\t\t\t\t<div class=\"elementor-image\">\n\t\t\t\t\t\t\t\t\t\t\t<a href=\"https:\/\/smi-hll.ro\/ro\/elearning-%d8%a7%d9%84%d9%84%d8%ba%d8%a9-%d8%a7%d9%84%d8%b9%d8%b1%d8%a8%d9%8a%d8%a9\/\">\n\t\t\t\t\t\t\t<img width=\"800\" height=\"533\" src=\"https:\/\/smi-hll.ro\/wp-content\/uploads\/2024\/05\/Arabic-Language-Flag.svg-1024x682.png\" class=\"attachment-large size-large\" alt=\"\" loading=\"lazy\" srcset=\"https:\/\/smi-hll.ro\/wp-content\/uploads\/2024\/05\/Arabic-Language-Flag.svg-1024x682.png 1024w, https:\/\/smi-hll.ro\/wp-content\/uploads\/2024\/05\/Arabic-Language-Flag.svg-300x200.png 300w, https:\/\/smi-hll.ro\/wp-content\/uploads\/2024\/05\/Arabic-Language-Flag.svg-768x512.png 768w, https:\/\/smi-hll.ro\/wp-content\/uploads\/2024\/05\/Arabic-Language-Flag.svg.png 1280w\" sizes=\"(max-width: 800px) 100vw, 800px\" \/>\t\t\t\t\t\t\t\t<\/a>\n\t\t\t\t\t\t\t\t\t\t\t<\/div>\n\t\t\t\t<\/div>\n\t\t\t\t<\/div>\n\t\t\t\t<div class=\"elementor-element elementor-element-7ed7a8a elementor-widget elementor-widget-heading\" data-id=\"7ed7a8a\" data-element_type=\"widget\" data-widget_type=\"heading.default\">\n\t\t\t\t<div class=\"elementor-widget-container\">\n\t\t\t<h3 class=\"elementor-heading-title elementor-size-default\"><a href=\"https:\/\/smi-hll.ro\/ro\/elearning-%d8%a7%d9%84%d9%84%d8%ba%d8%a9-%d8%a7%d9%84%d8%b9%d8%b1%d8%a8%d9%8a%d8%a9\/\">eLearning - \u0627\u0644\u0644\u063a\u0629 \u0627\u0644\u0639\u0631\u0628\u064a\u0629<\/a><\/h3>\t\t<\/div>\n\t\t\t\t<\/div>\n\t\t\t\t\t\t<\/div>\n\t\t\t\t\t<\/div>\n\t\t<\/div>\n\t\t\t\t<div class=\"elementor-column elementor-col-25 elementor-inner-column elementor-element elementor-element-6c2d520\" data-id=\"6c2d520\" data-element_type=\"column\">\n\t\t\t<div class=\"elementor-column-wrap\">\n\t\t\t\t\t\t\t<div class=\"elementor-widget-wrap\">\n\t\t\t\t\t\t\t\t<\/div>\n\t\t\t\t\t<\/div>\n\t\t<\/div>\n\t\t\t\t\t\t\t\t<\/div>\n\t\t\t\t\t<\/div>\n\t\t<\/section>\n\t\t\t\t\t\t<\/div>\n\t\t\t\t\t<\/div>\n\t\t<\/div>\n\t\t\t\t\t\t\t\t<\/div>\n\t\t\t\t\t<\/div>\n\t\t<\/section>\n\t\t\t\t\t\t<\/div>\n\t\t\t\t\t\t<\/div>\n\t\t\t\t\t<\/div>","protected":false},"excerpt":{"rendered":"<p>eLearning Platforms Choose the one that fits your language. eLearning &#8211; Rom\u00e2n\u0103 eLearning &#8211; English eLearning &#8211; Espa\u00f1ol eLearning &#8211; T\u00fcrk eLearning &#8211; \u0627\u0644\u0644\u063a\u0629 \u0627\u0644\u0639\u0631\u0628\u064a\u0629<\/p>","protected":false},"author":1,"featured_media":0,"parent":0,"menu_order":0,"comment_status":"closed","ping_status":"closed","template":"","meta":[],"_links":{"self":[{"href":"https:\/\/smi-hll.ro\/ro\/wp-json\/wp\/v2\/pages\/157"}],"collection":[{"href":"https:\/\/smi-hll.ro\/ro\/wp-json\/wp\/v2\/pages"}],"about":[{"href":"https:\/\/smi-hll.ro\/ro\/wp-json\/wp\/v2\/types\/page"}],"author":[{"embeddable":true,"href":"https:\/\/smi-hll.ro\/ro\/wp-json\/wp\/v2\/users\/1"}],"replies":[{"embeddable":true,"href":"https:\/\/smi-hll.ro\/ro\/wp-json\/wp\/v2\/comments?post=157"}],"version-history":[{"count":3,"href":"https:\/\/smi-hll.ro\/ro\/wp-json\/wp\/v2\/pages\/157\/revisions"}],"predecessor-version":[{"id":165,"href":"https:\/\/smi-hll.ro\/ro\/wp-json\/wp\/v2\/pages\/157\/revisions\/165"}],"wp:attachment":[{"href":"https:\/\/smi-hll.ro\/ro\/wp-json\/wp\/v2\/media?parent=157"}],"curies":[{"name":"wp","href":"https:\/\/api.w.org\/{rel}","templated":true}]}}